{"id":17,"date":"2020-10-21T17:46:10","date_gmt":"2020-10-21T15:46:10","guid":{"rendered":"https:\/\/gg.zacher.media\/?page_id=17"},"modified":"2025-05-12T12:23:21","modified_gmt":"2025-05-12T10:23:21","slug":"impressum","status":"publish","type":"page","link":"https:\/\/gg.zacher.media\/en\/impressum\/","title":{"rendered":"legal notice"},"content":{"rendered":"<p>[et_pb_section fb_built=&#8220;1&#8243; _builder_version=&#8220;4.16&#8243; _module_preset=&#8220;default&#8220; da_disable_devices=&#8220;off|off|off&#8220; global_colors_info=&#8220;{}&#8220; da_is_popup=&#8220;off&#8220; da_exit_intent=&#8220;off&#8220; da_has_close=&#8220;on&#8220; da_alt_close=&#8220;off&#8220; da_dark_close=&#8220;off&#8220; da_not_modal=&#8220;on&#8220; da_is_singular=&#8220;off&#8220; da_with_loader=&#8220;off&#8220; da_has_shadow=&#8220;on&#8220;][et_pb_row column_structure=&#8220;2_5,3_5&#8243; _builder_version=&#8220;4.16&#8243; _module_preset=&#8220;default&#8220; global_colors_info=&#8220;{}&#8220;][et_pb_column type=&#8220;2_5&#8243; _builder_version=&#8220;4.16&#8243; _module_preset=&#8220;default&#8220; global_colors_info=&#8220;{}&#8220;][et_pb_text _builder_version=&#8220;4.27.4&#8243; _module_preset=&#8220;default&#8220; link_text_color=&#8220;#BBAC94&#8243; hover_enabled=&#8220;0&#8243; global_colors_info=&#8220;{}&#8220; link_font=&#8220;|600|||||||&#8220; sticky_enabled=&#8220;0&#8243;]<\/p>\n<h1>Impressum<\/h1>\n<h2>Angaben gem\u00e4\u00df \u00a7 5 TMG<\/h2>\n<p><span>GILDE HANDWERK Macrander GmbH &amp; Co. KG<\/span><\/p>\n<p><span>vertreten durch GILDE Macrander Verwaltungsgesellschaft mbH vertreten durch die Gesch\u00e4ftsf\u00fchrer Hamid Yazdtchi, Maximilian Macrander und Alexander Yazdtchi.<\/span><\/p>\n<p><span>Dingdener Str. 199<br \/><em>-GILDE PLATZ-<\/em><br \/>D-46395 Bocholt<\/span><br \/><span>\u00a0<\/span><\/p>\n<p style=\"font-weight: 400;\">VAT identification number: DE124 171 077<\/p>\n<p>Register court and place:<br \/>Coesfeld Local Court<br \/>HRA-Nr. 4637<br \/>HRB-Nr. 9848<\/p>\n<p><span style=\"font-weight: 400;\">WEEE: DE 13 20 36 54<\/span><br style=\"font-weight: 400;\" \/><span style=\"font-weight: 400;\">LUCID: DE 17 16 24 70 47 36 6 &#8211; V<\/span><\/p>\n<h2><\/h2>\n<h2>Kontakt<\/h2>\n<p><span>Tel: +49-(0)2871-188-0<\/span><br \/><span>Fax:\u00a0+49-(0)2871-188-223<\/span><br \/><span>E-Mail:\u00a0<a href=\"mailto:verkauf@gildehandwerk.com\">verkauf@gildehandwerk.com<\/a><\/span><\/p>\n<h2><\/h2>\n<h2>Realisierung<\/h2>\n<p><img loading=\"lazy\" decoding=\"async\" src=\"https:\/\/gg.zacher.media\/wp-content\/uploads\/zacher-media-logo-schwarz.png\" width=\"150\" height=\"54\" alt=\"\" class=\"wp-image-116 alignnone size-full\" \/><\/p>\n<p><a href=\"https:\/\/zachermedia.de\/\" target=\"_blank\" rel=\"noopener\" title=\"Werbeagentur K\u00f6ln\">Werbeagentur K\u00f6ln<\/a> | <a href=\"https:\/\/zachermedia.de\/webdesign-koeln\/\" target=\"_blank\" rel=\"noopener noreferrer\" title=\"WordPress Webdesign K\u00f6ln\">WordPress Webdesign aus K\u00f6ln<\/a><br \/>zacher media gmbh<br \/><a href=\"mailto:info@zachermedia.de\">kontakt@zachermedia.de<br \/><\/a><a href=\"tel:004922129279880\">0221 292 79 88 0<\/a><\/p>\n<p><strong><a href=\"https:\/\/zachermedia.de\/\" target=\"_blank\" rel=\"noopener noreferrer\" title=\"Werbeagentur K\u00f6ln\">zachermedia.de<\/a><\/strong><\/p>\n<p>[\/et_pb_text][\/et_pb_column][et_pb_column type=&#8220;3_5&#8243; _builder_version=&#8220;4.16&#8243; _module_preset=&#8220;default&#8220; global_colors_info=&#8220;{}&#8220;][et_pb_text _builder_version=&#8220;4.27.4&#8243; _module_preset=&#8220;default&#8220; hover_enabled=&#8220;0&#8243; global_colors_info=&#8220;{}&#8220; link_text_color=&#8220;#BBAC94&#8243; link_font=&#8220;|600|||||||&#8220; sticky_enabled=&#8220;0&#8243;]<\/p>\n<h2>EU-Streitschlichtung<\/h2>\n<p>Die Europ\u00e4ische Kommission stellt eine Plattform zur Online-Streitbeilegung (OS) bereit: <a href=\"https:\/\/ec.europa.eu\/consumers\/odr\/\" target=\"_blank\" rel=\"noopener noreferrer\">https:\/\/ec.europa.eu\/consumers\/odr\/<\/a>.<br \/>Unsere E-Mail-Adresse finden Sie oben im Impressum.<\/p>\n<h2>Verbraucher\u00adstreit\u00adbeilegung\/Universal\u00adschlichtungs\u00adstelle<\/h2>\n<p>Wir sind nicht bereit oder verpflichtet, an Streitbeilegungsverfahren vor einer Verbraucherschlichtungsstelle teilzunehmen.<\/p>\n<h2>Streitschlichtung<\/h2>\n<p>Die Europ\u00e4ische Kommission stellt eine Plattform zur Online-Streitbeilegung (OS) bereit:<span>\u00a0<\/span><a href=\"https:\/\/ec.europa.eu\/consumers\/odr\" target=\"_blank\" rel=\"noopener noreferrer\">https:\/\/ec.europa.eu\/consumers\/odr<\/a>.<br \/>Unsere E-Mail-Adresse finden Sie oben im Impressum.<\/p>\n<p>Wir sind nicht bereit oder verpflichtet, an Streitbeilegungsverfahren vor einer Verbraucherschlichtungsstelle teilzunehmen.<\/p>\n<h3>Haftung f\u00fcr Inhalte<\/h3>\n<p>Als Diensteanbieter sind wir gem\u00e4\u00df \u00a7 7 Abs.1 TMG f\u00fcr eigene Inhalte auf diesen Seiten nach den allgemeinen Gesetzen verantwortlich. Nach \u00a7\u00a7 8 bis 10 TMG sind wir als Diensteanbieter jedoch nicht verpflichtet, \u00fcbermittelte oder gespeicherte fremde Informationen zu \u00fcberwachen oder nach Umst\u00e4nden zu forschen, die auf eine rechtswidrige T\u00e4tigkeit hinweisen.<\/p>\n<p>Verpflichtungen zur Entfernung oder Sperrung der Nutzung von Informationen nach den allgemeinen Gesetzen bleiben hiervon unber\u00fchrt. Eine diesbez\u00fcgliche Haftung ist jedoch erst ab dem Zeitpunkt der Kenntnis einer konkreten Rechtsverletzung m\u00f6glich. Bei Bekanntwerden von entsprechenden Rechtsverletzungen werden wir diese Inhalte umgehend entfernen.<\/p>\n<h3>Haftung f\u00fcr Links<\/h3>\n<p>Unser Angebot enth\u00e4lt Links zu externen Websites Dritter, auf deren Inhalte wir keinen Einfluss haben. Deshalb k\u00f6nnen wir f\u00fcr diese fremden Inhalte auch keine Gew\u00e4hr \u00fcbernehmen. F\u00fcr die Inhalte der verlinkten Seiten ist stets der jeweilige Anbieter oder Betreiber der Seiten verantwortlich. Die verlinkten Seiten wurden zum Zeitpunkt der Verlinkung auf m\u00f6gliche Rechtsverst\u00f6\u00dfe \u00fcberpr\u00fcft. Rechtswidrige Inhalte waren zum Zeitpunkt der Verlinkung nicht erkennbar.<\/p>\n<p>Eine permanente inhaltliche Kontrolle der verlinkten Seiten ist jedoch ohne konkrete Anhaltspunkte einer Rechtsverletzung nicht zumutbar. Bei Bekanntwerden von Rechtsverletzungen werden wir derartige Links umgehend entfernen.<\/p>\n<h3>Urheberrecht<\/h3>\n<p>Die durch die Seitenbetreiber erstellten Inhalte und Werke auf diesen Seiten unterliegen dem deutschen Urheberrecht. Die Vervielf\u00e4ltigung, Bearbeitung, Verbreitung und jede Art der Verwertung au\u00dferhalb der Grenzen des Urheberrechtes bed\u00fcrfen der schriftlichen Zustimmung des jeweiligen Autors bzw. Erstellers. Downloads und Kopien dieser Seite sind nur f\u00fcr den privaten, nicht kommerziellen Gebrauch gestattet.<\/p>\n<p>Soweit die Inhalte auf dieser Seite nicht vom Betreiber erstellt wurden, werden die Urheberrechte Dritter beachtet. Insbesondere werden Inhalte Dritter als solche gekennzeichnet. Sollten Sie trotzdem auf eine Urheberrechtsverletzung aufmerksam werden, bitten wir um einen entsprechenden Hinweis. Bei Bekanntwerden von Rechtsverletzungen werden wir derartige Inhalte umgehend entfernen.<\/p>\n<p>Quelle: <a href=\"https:\/\/www.e-recht24.de\/impressum-generator.html\">https:\/\/www.e-recht24.de\/impressum-generator.html<\/a><\/p>\n<p>[\/et_pb_text][\/et_pb_column][\/et_pb_row][\/et_pb_section]<\/p>\n","protected":false},"excerpt":{"rendered":"<p>Impressum Angaben gem\u00e4\u00df \u00a7 5 TMG GILDE HANDWERK Macrander GmbH &amp; Co. KG vertreten durch GILDE Macrander Verwaltungsgesellschaft mbH vertreten durch die Gesch\u00e4ftsf\u00fchrer Hamid Yazdtchi, Maximilian Macrander und Alexander Yazdtchi. Dingdener Str. 199-GILDE PLATZ-D-46395 Bocholt\u00a0 VAT identification number: DE124 171 077 Register court and place:Coesfeld Local CourtHRA-Nr. 4637HRB-Nr. 9848 WEEE: DE 13 20 36 54LUCID: DE 17 16 24 70 47 36 6 &#8211; V Kontakt Tel: +49-(0)2871-188-0Fax:\u00a0+49-(0)2871-188-223E-Mail:\u00a0verkauf@gildehandwerk.com Realisierung Werbeagentur K\u00f6ln | WordPress Webdesign aus K\u00f6lnzacher media gmbhkontakt@zachermedia.de0221 292 79 88 0 zachermedia.deEU-Streitschlichtung Die Europ\u00e4ische Kommission stellt eine Plattform zur Online-Streitbeilegung (OS) bereit: https:\/\/ec.europa.eu\/consumers\/odr\/.Unsere E-Mail-Adresse finden Sie oben im Impressum. Verbraucher\u00adstreit\u00adbeilegung\/Universal\u00adschlichtungs\u00adstelle Wir sind nicht bereit oder verpflichtet, an Streitbeilegungsverfahren vor einer Verbraucherschlichtungsstelle teilzunehmen. Streitschlichtung Die Europ\u00e4ische Kommission stellt eine Plattform zur Online-Streitbeilegung (OS) bereit:\u00a0https:\/\/ec.europa.eu\/consumers\/odr.Unsere E-Mail-Adresse finden Sie oben im Impressum. Wir sind nicht bereit oder verpflichtet, an Streitbeilegungsverfahren vor einer Verbraucherschlichtungsstelle teilzunehmen. Haftung f\u00fcr Inhalte Als Diensteanbieter sind wir gem\u00e4\u00df \u00a7 7 Abs.1 TMG f\u00fcr eigene Inhalte auf diesen Seiten nach den allgemeinen Gesetzen verantwortlich. Nach \u00a7\u00a7 8 bis 10 TMG sind wir als Diensteanbieter jedoch nicht verpflichtet, \u00fcbermittelte oder gespeicherte fremde Informationen zu \u00fcberwachen oder nach Umst\u00e4nden zu forschen, die auf eine rechtswidrige T\u00e4tigkeit hinweisen. Verpflichtungen zur Entfernung oder [&hellip;]<\/p>\n","protected":false},"author":1,"featured_media":0,"parent":0,"menu_order":0,"comment_status":"closed","ping_status":"closed","template":"","meta":{"_et_pb_use_builder":"on","_et_pb_old_content":"<!-- wp:divi\/placeholder \/-->","_et_gb_content_width":"","footnotes":""},"difl_page_category":[],"class_list":["post-17","page","type-page","status-publish","hentry"],"yoast_head":"<!-- This site is optimized with the Yoast SEO plugin v27.4 - https:\/\/yoast.com\/product\/yoast-seo-wordpress\/ -->\n<title>Impressum - GILDE Gruppe<\/title>\n<meta name=\"robots\" content=\"index, follow, max-snippet:-1, max-image-preview:large, max-video-preview:-1\" \/>\n<link rel=\"canonical\" href=\"https:\/\/gg.zacher.media\/en\/impressum\/\" \/>\n<meta property=\"og:locale\" content=\"en_GB\" \/>\n<meta property=\"og:type\" content=\"article\" \/>\n<meta property=\"og:title\" content=\"Impressum - GILDE Gruppe\" \/>\n<meta property=\"og:description\" content=\"Impressum Angaben gem\u00e4\u00df \u00a7 5 TMG GILDE HANDWERK Macrander GmbH &amp; Co. KG vertreten durch GILDE Macrander Verwaltungsgesellschaft mbH vertreten durch die Gesch\u00e4ftsf\u00fchrer Hamid Yazdtchi, Maximilian Macrander und Alexander Yazdtchi. Dingdener Str. 199-GILDE PLATZ-D-46395 Bocholt\u00a0 VAT identification number: DE124 171 077 Register court and place:Coesfeld Local CourtHRA-Nr. 4637HRB-Nr. 9848 WEEE: DE 13 20 36 54LUCID: DE 17 16 24 70 47 36 6 - V Kontakt Tel: +49-(0)2871-188-0Fax:\u00a0+49-(0)2871-188-223E-Mail:\u00a0verkauf@gildehandwerk.com Realisierung Werbeagentur K\u00f6ln | WordPress Webdesign aus K\u00f6lnzacher media gmbhkontakt@zachermedia.de0221 292 79 88 0 zachermedia.deEU-Streitschlichtung Die Europ\u00e4ische Kommission stellt eine Plattform zur Online-Streitbeilegung (OS) bereit: https:\/\/ec.europa.eu\/consumers\/odr\/.Unsere E-Mail-Adresse finden Sie oben im Impressum. Verbraucher\u00adstreit\u00adbeilegung\/Universal\u00adschlichtungs\u00adstelle Wir sind nicht bereit oder verpflichtet, an Streitbeilegungsverfahren vor einer Verbraucherschlichtungsstelle teilzunehmen. Streitschlichtung Die Europ\u00e4ische Kommission stellt eine Plattform zur Online-Streitbeilegung (OS) bereit:\u00a0https:\/\/ec.europa.eu\/consumers\/odr.Unsere E-Mail-Adresse finden Sie oben im Impressum. Wir sind nicht bereit oder verpflichtet, an Streitbeilegungsverfahren vor einer Verbraucherschlichtungsstelle teilzunehmen. Haftung f\u00fcr Inhalte Als Diensteanbieter sind wir gem\u00e4\u00df \u00a7 7 Abs.1 TMG f\u00fcr eigene Inhalte auf diesen Seiten nach den allgemeinen Gesetzen verantwortlich. Nach \u00a7\u00a7 8 bis 10 TMG sind wir als Diensteanbieter jedoch nicht verpflichtet, \u00fcbermittelte oder gespeicherte fremde Informationen zu \u00fcberwachen oder nach Umst\u00e4nden zu forschen, die auf eine rechtswidrige T\u00e4tigkeit hinweisen. Verpflichtungen zur Entfernung oder [&hellip;]\" \/>\n<meta property=\"og:url\" content=\"https:\/\/gg.zacher.media\/en\/impressum\/\" \/>\n<meta property=\"og:site_name\" content=\"GILDE Gruppe\" \/>\n<meta property=\"article:modified_time\" content=\"2025-05-12T10:23:21+00:00\" \/>\n<meta property=\"og:image\" content=\"https:\/\/gg.zacher.media\/wp-content\/uploads\/zacher-media-logo-schwarz.png\" \/>\n\t<meta property=\"og:image:width\" content=\"150\" \/>\n\t<meta property=\"og:image:height\" content=\"54\" \/>\n\t<meta property=\"og:image:type\" content=\"image\/png\" \/>\n<meta name=\"twitter:card\" content=\"summary_large_image\" \/>\n<meta name=\"twitter:label1\" content=\"Estimated reading time\" \/>\n\t<meta name=\"twitter:data1\" content=\"3 minutes\" \/>\n<script type=\"application\/ld+json\" class=\"yoast-schema-graph\">{\"@context\":\"https:\\\/\\\/schema.org\",\"@graph\":[{\"@type\":\"WebPage\",\"@id\":\"https:\\\/\\\/gg.zacher.media\\\/impressum\\\/\",\"url\":\"https:\\\/\\\/gg.zacher.media\\\/impressum\\\/\",\"name\":\"Impressum - GILDE Gruppe\",\"isPartOf\":{\"@id\":\"https:\\\/\\\/gg.zacher.media\\\/#website\"},\"primaryImageOfPage\":{\"@id\":\"https:\\\/\\\/gg.zacher.media\\\/impressum\\\/#primaryimage\"},\"image\":{\"@id\":\"https:\\\/\\\/gg.zacher.media\\\/impressum\\\/#primaryimage\"},\"thumbnailUrl\":\"https:\\\/\\\/gg.zacher.media\\\/wp-content\\\/uploads\\\/zacher-media-logo-schwarz.png\",\"datePublished\":\"2020-10-21T15:46:10+00:00\",\"dateModified\":\"2025-05-12T10:23:21+00:00\",\"breadcrumb\":{\"@id\":\"https:\\\/\\\/gg.zacher.media\\\/impressum\\\/#breadcrumb\"},\"inLanguage\":\"en-GB\",\"potentialAction\":[{\"@type\":\"ReadAction\",\"target\":[\"https:\\\/\\\/gg.zacher.media\\\/impressum\\\/\"]}]},{\"@type\":\"ImageObject\",\"inLanguage\":\"en-GB\",\"@id\":\"https:\\\/\\\/gg.zacher.media\\\/impressum\\\/#primaryimage\",\"url\":\"https:\\\/\\\/gg.zacher.media\\\/wp-content\\\/uploads\\\/zacher-media-logo-schwarz.png\",\"contentUrl\":\"https:\\\/\\\/gg.zacher.media\\\/wp-content\\\/uploads\\\/zacher-media-logo-schwarz.png\"},{\"@type\":\"BreadcrumbList\",\"@id\":\"https:\\\/\\\/gg.zacher.media\\\/impressum\\\/#breadcrumb\",\"itemListElement\":[{\"@type\":\"ListItem\",\"position\":1,\"name\":\"Startseite\",\"item\":\"https:\\\/\\\/gg.zacher.media\\\/\"},{\"@type\":\"ListItem\",\"position\":2,\"name\":\"Impressum\"}]},{\"@type\":\"WebSite\",\"@id\":\"https:\\\/\\\/gg.zacher.media\\\/#website\",\"url\":\"https:\\\/\\\/gg.zacher.media\\\/\",\"name\":\"GILDE Gruppe\",\"description\":\"\",\"potentialAction\":[{\"@type\":\"SearchAction\",\"target\":{\"@type\":\"EntryPoint\",\"urlTemplate\":\"https:\\\/\\\/gg.zacher.media\\\/?s={search_term_string}\"},\"query-input\":{\"@type\":\"PropertyValueSpecification\",\"valueRequired\":true,\"valueName\":\"search_term_string\"}}],\"inLanguage\":\"en-GB\"}]}<\/script>\n<!-- \/ Yoast SEO plugin. -->","yoast_head_json":{"title":"Impressum - GILDE Gruppe","robots":{"index":"index","follow":"follow","max-snippet":"max-snippet:-1","max-image-preview":"max-image-preview:large","max-video-preview":"max-video-preview:-1"},"canonical":"https:\/\/gg.zacher.media\/en\/impressum\/","og_locale":"en_GB","og_type":"article","og_title":"Impressum - GILDE Gruppe","og_description":"Impressum Angaben gem\u00e4\u00df \u00a7 5 TMG GILDE HANDWERK Macrander GmbH &amp; Co. KG vertreten durch GILDE Macrander Verwaltungsgesellschaft mbH vertreten durch die Gesch\u00e4ftsf\u00fchrer Hamid Yazdtchi, Maximilian Macrander und Alexander Yazdtchi. Dingdener Str. 199-GILDE PLATZ-D-46395 Bocholt\u00a0 VAT identification number: DE124 171 077 Register court and place:Coesfeld Local CourtHRA-Nr. 4637HRB-Nr. 9848 WEEE: DE 13 20 36 54LUCID: DE 17 16 24 70 47 36 6 - V Kontakt Tel: +49-(0)2871-188-0Fax:\u00a0+49-(0)2871-188-223E-Mail:\u00a0verkauf@gildehandwerk.com Realisierung Werbeagentur K\u00f6ln | WordPress Webdesign aus K\u00f6lnzacher media gmbhkontakt@zachermedia.de0221 292 79 88 0 zachermedia.deEU-Streitschlichtung Die Europ\u00e4ische Kommission stellt eine Plattform zur Online-Streitbeilegung (OS) bereit: https:\/\/ec.europa.eu\/consumers\/odr\/.Unsere E-Mail-Adresse finden Sie oben im Impressum. Verbraucher\u00adstreit\u00adbeilegung\/Universal\u00adschlichtungs\u00adstelle Wir sind nicht bereit oder verpflichtet, an Streitbeilegungsverfahren vor einer Verbraucherschlichtungsstelle teilzunehmen. Streitschlichtung Die Europ\u00e4ische Kommission stellt eine Plattform zur Online-Streitbeilegung (OS) bereit:\u00a0https:\/\/ec.europa.eu\/consumers\/odr.Unsere E-Mail-Adresse finden Sie oben im Impressum. Wir sind nicht bereit oder verpflichtet, an Streitbeilegungsverfahren vor einer Verbraucherschlichtungsstelle teilzunehmen. Haftung f\u00fcr Inhalte Als Diensteanbieter sind wir gem\u00e4\u00df \u00a7 7 Abs.1 TMG f\u00fcr eigene Inhalte auf diesen Seiten nach den allgemeinen Gesetzen verantwortlich. Nach \u00a7\u00a7 8 bis 10 TMG sind wir als Diensteanbieter jedoch nicht verpflichtet, \u00fcbermittelte oder gespeicherte fremde Informationen zu \u00fcberwachen oder nach Umst\u00e4nden zu forschen, die auf eine rechtswidrige T\u00e4tigkeit hinweisen. Verpflichtungen zur Entfernung oder [&hellip;]","og_url":"https:\/\/gg.zacher.media\/en\/impressum\/","og_site_name":"GILDE Gruppe","article_modified_time":"2025-05-12T10:23:21+00:00","og_image":[{"width":150,"height":54,"url":"https:\/\/gg.zacher.media\/wp-content\/uploads\/zacher-media-logo-schwarz.png","type":"image\/png"}],"twitter_card":"summary_large_image","twitter_misc":{"Estimated reading time":"3 minutes"},"schema":{"@context":"https:\/\/schema.org","@graph":[{"@type":"WebPage","@id":"https:\/\/gg.zacher.media\/impressum\/","url":"https:\/\/gg.zacher.media\/impressum\/","name":"Impressum - GILDE Gruppe","isPartOf":{"@id":"https:\/\/gg.zacher.media\/#website"},"primaryImageOfPage":{"@id":"https:\/\/gg.zacher.media\/impressum\/#primaryimage"},"image":{"@id":"https:\/\/gg.zacher.media\/impressum\/#primaryimage"},"thumbnailUrl":"https:\/\/gg.zacher.media\/wp-content\/uploads\/zacher-media-logo-schwarz.png","datePublished":"2020-10-21T15:46:10+00:00","dateModified":"2025-05-12T10:23:21+00:00","breadcrumb":{"@id":"https:\/\/gg.zacher.media\/impressum\/#breadcrumb"},"inLanguage":"en-GB","potentialAction":[{"@type":"ReadAction","target":["https:\/\/gg.zacher.media\/impressum\/"]}]},{"@type":"ImageObject","inLanguage":"en-GB","@id":"https:\/\/gg.zacher.media\/impressum\/#primaryimage","url":"https:\/\/gg.zacher.media\/wp-content\/uploads\/zacher-media-logo-schwarz.png","contentUrl":"https:\/\/gg.zacher.media\/wp-content\/uploads\/zacher-media-logo-schwarz.png"},{"@type":"BreadcrumbList","@id":"https:\/\/gg.zacher.media\/impressum\/#breadcrumb","itemListElement":[{"@type":"ListItem","position":1,"name":"Startseite","item":"https:\/\/gg.zacher.media\/"},{"@type":"ListItem","position":2,"name":"Impressum"}]},{"@type":"WebSite","@id":"https:\/\/gg.zacher.media\/#website","url":"https:\/\/gg.zacher.media\/","name":"GILDE Group","description":"","potentialAction":[{"@type":"SearchAction","target":{"@type":"EntryPoint","urlTemplate":"https:\/\/gg.zacher.media\/?s={search_term_string}"},"query-input":{"@type":"PropertyValueSpecification","valueRequired":true,"valueName":"search_term_string"}}],"inLanguage":"en-GB"}]}},"_links":{"self":[{"href":"https:\/\/gg.zacher.media\/en\/wp-json\/wp\/v2\/pages\/17","targetHints":{"allow":["GET"]}}],"collection":[{"href":"https:\/\/gg.zacher.media\/en\/wp-json\/wp\/v2\/pages"}],"about":[{"href":"https:\/\/gg.zacher.media\/en\/wp-json\/wp\/v2\/types\/page"}],"author":[{"embeddable":true,"href":"https:\/\/gg.zacher.media\/en\/wp-json\/wp\/v2\/users\/1"}],"replies":[{"embeddable":true,"href":"https:\/\/gg.zacher.media\/en\/wp-json\/wp\/v2\/comments?post=17"}],"version-history":[{"count":8,"href":"https:\/\/gg.zacher.media\/en\/wp-json\/wp\/v2\/pages\/17\/revisions"}],"predecessor-version":[{"id":3891,"href":"https:\/\/gg.zacher.media\/en\/wp-json\/wp\/v2\/pages\/17\/revisions\/3891"}],"wp:attachment":[{"href":"https:\/\/gg.zacher.media\/en\/wp-json\/wp\/v2\/media?parent=17"}],"wp:term":[{"taxonomy":"difl_page_category","embeddable":true,"href":"https:\/\/gg.zacher.media\/en\/wp-json\/wp\/v2\/difl_page_category?post=17"}],"curies":[{"name":"wp","href":"https:\/\/api.w.org\/{rel}","templated":true}]}}